{"id":126,"date":"2019-08-03T10:29:54","date_gmt":"2019-08-03T08:29:54","guid":{"rendered":"http:\/\/bujinkan-puchheim.de\/?page_id=126"},"modified":"2019-08-03T10:30:56","modified_gmt":"2019-08-03T08:30:56","slug":"herzlich-willkommen","status":"publish","type":"page","link":"https:\/\/bujinkan-puchheim.de\/","title":{"rendered":"Herzlich Willkommen"},"content":{"rendered":"\n<p>auf der Webseite des&nbsp;Bujinkan D\u014dj\u014d  Puchheim. Wir sind noch ein relativ junges Dojo und m\u00f6chten Ihnen hier die M\u00f6glichkeit geben sich ersten Eindruck von uns und unserer Kampfkunst erm\u00f6glichen. <\/p>\n\n\n\n<p>Im Bujinkan D\u014dj\u014d Puchheim trainieren wir&nbsp;<strong>Bujinkan Bud\u014d Taijutsu | \u6b66\u795e\u9928\u6b66\u9053\u4f53\u8853<\/strong>&nbsp;unter der Autorit\u00e4t von Gro\u00dfmeister Dr. Masaaki Hatsumi aus Japan.<\/p>\n\n\n\n<p>Als Schule f\u00fcr eine traditionelle japanische Kampfkunst konzentrieren wir uns besonders zu Beginn des Trainings auf das Vermitteln der Grundlagen (Kih\u014dn) unserer Kampfkunst.  Wir  nehmen uns gemeinsam die Zeit, die \u00fcberlieferten Techniken (Waza) und Formen (Kata) detailiert zu lernen und zu \u00fcben, um so deren Ablauf, Bewegungsmechanik und Prinzipien zu verstehen und dadurch Bewegungsf\u00e4higkeit, Wahrnehmung und unseren Charakter ganzheitlich und nachhaltig zu schulen. <\/p>\n\n\n\n<p>Die F\u00e4higkeit zur Bew\u00e4ltigung von Ausnahmesituationen bzw. zur Entsch\u00e4rfung <strong>vor<\/strong> deren Eskalation ist eine unmittelbare Folge unseres Trainings, jedoch ist es nicht das tragende bzw. prim\u00e4re Ziel im D\u014dj\u014d Puchheim, sondern eher ein Nebeneffekt.<\/p>\n","protected":false},"excerpt":{"rendered":"<p>auf der Webseite des&nbsp;Bujinkan D\u014dj\u014d Puchheim. Wir sind noch ein relativ junges Dojo und m\u00f6chten Ihnen hier die M\u00f6glichkeit geben sich ersten Eindruck von uns und unserer Kampfkunst erm\u00f6glichen. Im Bujinkan D\u014dj\u014d Puchheim trainieren wir&nbsp;Bujinkan Bud\u014d Taijutsu | \u6b66\u795e\u9928\u6b66\u9053\u4f53\u8853&nbsp;unter der &hellip; <a href=\"https:\/\/bujinkan-puchheim.de\/\">Weiterlesen <span class=\"meta-nav\">&rarr;<\/span><\/a><\/p>\n","protected":false},"author":2,"featured_media":0,"parent":0,"menu_order":0,"comment_status":"closed","ping_status":"closed","template":"","meta":{"footnotes":""},"class_list":["post-126","page","type-page","status-publish","hentry"],"yoast_head":"<!-- This site is optimized with the Yoast SEO plugin v18.3 - https:\/\/yoast.com\/wordpress\/plugins\/seo\/ -->\n<title>Herzlich Willkommen - Bujinkan Dojo Puchheim<\/title>\n<meta name=\"robots\" content=\"index, follow, max-snippet:-1, max-image-preview:large, max-video-preview:-1\" \/>\n<link rel=\"canonical\" href=\"https:\/\/bujinkan-puchheim.de\/\" \/>\n<meta property=\"og:locale\" content=\"de_DE\" \/>\n<meta property=\"og:type\" content=\"article\" \/>\n<meta property=\"og:title\" content=\"Herzlich Willkommen - Bujinkan Dojo Puchheim\" \/>\n<meta property=\"og:description\" content=\"auf der Webseite des&nbsp;Bujinkan D\u014dj\u014d Puchheim. Wir sind noch ein relativ junges Dojo und m\u00f6chten Ihnen hier die M\u00f6glichkeit geben sich ersten Eindruck von uns und unserer Kampfkunst erm\u00f6glichen. Im Bujinkan D\u014dj\u014d Puchheim trainieren wir&nbsp;Bujinkan Bud\u014d Taijutsu | \u6b66\u795e\u9928\u6b66\u9053\u4f53\u8853&nbsp;unter der &hellip; Weiterlesen &rarr;\" \/>\n<meta property=\"og:url\" content=\"https:\/\/bujinkan-puchheim.de\/\" \/>\n<meta property=\"og:site_name\" content=\"Bujinkan Dojo Puchheim\" \/>\n<meta property=\"article:modified_time\" content=\"2019-08-03T08:30:56+00:00\" \/>\n<meta name=\"twitter:card\" content=\"summary_large_image\" \/>\n<meta name=\"twitter:label1\" content=\"Gesch\u00e4tzte Lesezeit\" \/>\n\t<meta name=\"twitter:data1\" content=\"1\u00a0Minute\" \/>\n<script type=\"application\/ld+json\" class=\"yoast-schema-graph\">{\"@context\":\"https:\/\/schema.org\",\"@graph\":[{\"@type\":\"WebSite\",\"@id\":\"https:\/\/bujinkan-puchheim.de\/#website\",\"url\":\"https:\/\/bujinkan-puchheim.de\/\",\"name\":\"Bujinkan Dojo Puchheim\",\"description\":\"\",\"potentialAction\":[{\"@type\":\"SearchAction\",\"target\":{\"@type\":\"EntryPoint\",\"urlTemplate\":\"https:\/\/bujinkan-puchheim.de\/?s={search_term_string}\"},\"query-input\":\"required name=search_term_string\"}],\"inLanguage\":\"de\"},{\"@type\":\"WebPage\",\"@id\":\"https:\/\/bujinkan-puchheim.de\/#webpage\",\"url\":\"https:\/\/bujinkan-puchheim.de\/\",\"name\":\"Herzlich Willkommen - Bujinkan Dojo Puchheim\",\"isPartOf\":{\"@id\":\"https:\/\/bujinkan-puchheim.de\/#website\"},\"datePublished\":\"2019-08-03T08:29:54+00:00\",\"dateModified\":\"2019-08-03T08:30:56+00:00\",\"breadcrumb\":{\"@id\":\"https:\/\/bujinkan-puchheim.de\/#breadcrumb\"},\"inLanguage\":\"de\",\"potentialAction\":[{\"@type\":\"ReadAction\",\"target\":[\"https:\/\/bujinkan-puchheim.de\/\"]}]},{\"@type\":\"BreadcrumbList\",\"@id\":\"https:\/\/bujinkan-puchheim.de\/#breadcrumb\",\"itemListElement\":[{\"@type\":\"ListItem\",\"position\":1,\"name\":\"Startseite\",\"item\":\"https:\/\/bujinkan-puchheim.de\/\"},{\"@type\":\"ListItem\",\"position\":2,\"name\":\"Herzlich Willkommen\"}]}]}<\/script>\n<!-- \/ Yoast SEO plugin. -->","yoast_head_json":{"title":"Herzlich Willkommen - Bujinkan Dojo Puchheim","robots":{"index":"index","follow":"follow","max-snippet":"max-snippet:-1","max-image-preview":"max-image-preview:large","max-video-preview":"max-video-preview:-1"},"canonical":"https:\/\/bujinkan-puchheim.de\/","og_locale":"de_DE","og_type":"article","og_title":"Herzlich Willkommen - Bujinkan Dojo Puchheim","og_description":"auf der Webseite des&nbsp;Bujinkan D\u014dj\u014d Puchheim. Wir sind noch ein relativ junges Dojo und m\u00f6chten Ihnen hier die M\u00f6glichkeit geben sich ersten Eindruck von uns und unserer Kampfkunst erm\u00f6glichen. Im Bujinkan D\u014dj\u014d Puchheim trainieren wir&nbsp;Bujinkan Bud\u014d Taijutsu | \u6b66\u795e\u9928\u6b66\u9053\u4f53\u8853&nbsp;unter der &hellip; Weiterlesen &rarr;","og_url":"https:\/\/bujinkan-puchheim.de\/","og_site_name":"Bujinkan Dojo Puchheim","article_modified_time":"2019-08-03T08:30:56+00:00","twitter_card":"summary_large_image","twitter_misc":{"Gesch\u00e4tzte Lesezeit":"1\u00a0Minute"},"schema":{"@context":"https:\/\/schema.org","@graph":[{"@type":"WebSite","@id":"https:\/\/bujinkan-puchheim.de\/#website","url":"https:\/\/bujinkan-puchheim.de\/","name":"Bujinkan Dojo Puchheim","description":"","potentialAction":[{"@type":"SearchAction","target":{"@type":"EntryPoint","urlTemplate":"https:\/\/bujinkan-puchheim.de\/?s={search_term_string}"},"query-input":"required name=search_term_string"}],"inLanguage":"de"},{"@type":"WebPage","@id":"https:\/\/bujinkan-puchheim.de\/#webpage","url":"https:\/\/bujinkan-puchheim.de\/","name":"Herzlich Willkommen - Bujinkan Dojo Puchheim","isPartOf":{"@id":"https:\/\/bujinkan-puchheim.de\/#website"},"datePublished":"2019-08-03T08:29:54+00:00","dateModified":"2019-08-03T08:30:56+00:00","breadcrumb":{"@id":"https:\/\/bujinkan-puchheim.de\/#breadcrumb"},"inLanguage":"de","potentialAction":[{"@type":"ReadAction","target":["https:\/\/bujinkan-puchheim.de\/"]}]},{"@type":"BreadcrumbList","@id":"https:\/\/bujinkan-puchheim.de\/#breadcrumb","itemListElement":[{"@type":"ListItem","position":1,"name":"Startseite","item":"https:\/\/bujinkan-puchheim.de\/"},{"@type":"ListItem","position":2,"name":"Herzlich Willkommen"}]}]}},"_links":{"self":[{"href":"https:\/\/bujinkan-puchheim.de\/index.php?rest_route=\/wp\/v2\/pages\/126","targetHints":{"allow":["GET"]}}],"collection":[{"href":"https:\/\/bujinkan-puchheim.de\/index.php?rest_route=\/wp\/v2\/pages"}],"about":[{"href":"https:\/\/bujinkan-puchheim.de\/index.php?rest_route=\/wp\/v2\/types\/page"}],"author":[{"embeddable":true,"href":"https:\/\/bujinkan-puchheim.de\/index.php?rest_route=\/wp\/v2\/users\/2"}],"replies":[{"embeddable":true,"href":"https:\/\/bujinkan-puchheim.de\/index.php?rest_route=%2Fwp%2Fv2%2Fcomments&post=126"}],"version-history":[{"count":1,"href":"https:\/\/bujinkan-puchheim.de\/index.php?rest_route=\/wp\/v2\/pages\/126\/revisions"}],"predecessor-version":[{"id":153,"href":"https:\/\/bujinkan-puchheim.de\/index.php?rest_route=\/wp\/v2\/pages\/126\/revisions\/153"}],"wp:attachment":[{"href":"https:\/\/bujinkan-puchheim.de\/index.php?rest_route=%2Fwp%2Fv2%2Fmedia&parent=126"}],"curies":[{"name":"wp","href":"https:\/\/api.w.org\/{rel}","templated":true}]}}