{"id":169,"date":"2019-08-03T12:49:25","date_gmt":"2019-08-03T10:49:25","guid":{"rendered":"http:\/\/bujinkan-puchheim.de\/?page_id=169"},"modified":"2020-02-05T22:24:18","modified_gmt":"2020-02-05T21:24:18","slug":"bujinkan-allgemein","status":"publish","type":"page","link":"https:\/\/bujinkan-puchheim.de\/?page_id=169","title":{"rendered":"Allgemein"},"content":{"rendered":"\n<p><strong>Bujinkan Bud\u014d Taijutsu<\/strong>&nbsp; ist die Zusammenfassung von neun alten, japanischen Kampfk\u00fcnsten (K\u014dryu), wie sie von Gro\u00dfmeister Dr. Masaaki Hatsumi gelehrt werden.&nbsp;Sechs dieser Kriegsk\u00fcnste wurden von Samurai, Soldaten und Leibw\u00e4chtern trainiert, die \u00fcbrigen drei von denjenigen die wir heute als \u201cNinja\u201d bezeichnen.<\/p>\n\n\n\n<p>Das Bujinkan sollte als ganzheitliche Kampfkunst verstanden werden, die von jedem erlernt werden kann \u2013 unabh\u00e4ngig von Geschlecht, Alter, k\u00f6rperlichen Voraussetzungen oder Erfahrung in anderen Kampfk\u00fcnsten.<\/p>\n\n\n<p><!--EndFragment--><br>\n<br>\n<\/p>","protected":false},"excerpt":{"rendered":"<p>Bujinkan Bud\u014d Taijutsu&nbsp; ist die Zusammenfassung von neun alten, japanischen Kampfk\u00fcnsten (K\u014dryu), wie sie von Gro\u00dfmeister Dr. Masaaki Hatsumi gelehrt werden.&nbsp;Sechs dieser Kriegsk\u00fcnste wurden von Samurai, Soldaten und Leibw\u00e4chtern trainiert, die \u00fcbrigen drei von denjenigen die wir heute als \u201cNinja\u201d &hellip; <a href=\"https:\/\/bujinkan-puchheim.de\/?page_id=169\">Weiterlesen <span class=\"meta-nav\">&rarr;<\/span><\/a><\/p>\n","protected":false},"author":2,"featured_media":0,"parent":0,"menu_order":0,"comment_status":"closed","ping_status":"closed","template":"","meta":{"footnotes":""},"class_list":["post-169","page","type-page","status-publish","hentry"],"yoast_head":"<!-- This site is optimized with the Yoast SEO plugin v18.3 - https:\/\/yoast.com\/wordpress\/plugins\/seo\/ -->\n<title>Allgemein - Bujinkan Dojo Puchheim<\/title>\n<meta name=\"robots\" content=\"index, follow, max-snippet:-1, max-image-preview:large, max-video-preview:-1\" \/>\n<link rel=\"canonical\" href=\"https:\/\/bujinkan-puchheim.de\/?page_id=169\" \/>\n<meta property=\"og:locale\" content=\"de_DE\" \/>\n<meta property=\"og:type\" content=\"article\" \/>\n<meta property=\"og:title\" content=\"Allgemein - Bujinkan Dojo Puchheim\" \/>\n<meta property=\"og:description\" content=\"Bujinkan Bud\u014d Taijutsu&nbsp; ist die Zusammenfassung von neun alten, japanischen Kampfk\u00fcnsten (K\u014dryu), wie sie von Gro\u00dfmeister Dr. Masaaki Hatsumi gelehrt werden.&nbsp;Sechs dieser Kriegsk\u00fcnste wurden von Samurai, Soldaten und Leibw\u00e4chtern trainiert, die \u00fcbrigen drei von denjenigen die wir heute als \u201cNinja\u201d &hellip; Weiterlesen &rarr;\" \/>\n<meta property=\"og:url\" content=\"https:\/\/bujinkan-puchheim.de\/?page_id=169\" \/>\n<meta property=\"og:site_name\" content=\"Bujinkan Dojo Puchheim\" \/>\n<meta property=\"article:modified_time\" content=\"2020-02-05T21:24:18+00:00\" \/>\n<meta name=\"twitter:card\" content=\"summary_large_image\" \/>\n<script type=\"application\/ld+json\" class=\"yoast-schema-graph\">{\"@context\":\"https:\/\/schema.org\",\"@graph\":[{\"@type\":\"WebSite\",\"@id\":\"https:\/\/bujinkan-puchheim.de\/#website\",\"url\":\"https:\/\/bujinkan-puchheim.de\/\",\"name\":\"Bujinkan Dojo Puchheim\",\"description\":\"\",\"potentialAction\":[{\"@type\":\"SearchAction\",\"target\":{\"@type\":\"EntryPoint\",\"urlTemplate\":\"https:\/\/bujinkan-puchheim.de\/?s={search_term_string}\"},\"query-input\":\"required name=search_term_string\"}],\"inLanguage\":\"de\"},{\"@type\":\"WebPage\",\"@id\":\"https:\/\/bujinkan-puchheim.de\/?page_id=169#webpage\",\"url\":\"https:\/\/bujinkan-puchheim.de\/?page_id=169\",\"name\":\"Allgemein - Bujinkan Dojo Puchheim\",\"isPartOf\":{\"@id\":\"https:\/\/bujinkan-puchheim.de\/#website\"},\"datePublished\":\"2019-08-03T10:49:25+00:00\",\"dateModified\":\"2020-02-05T21:24:18+00:00\",\"breadcrumb\":{\"@id\":\"https:\/\/bujinkan-puchheim.de\/?page_id=169#breadcrumb\"},\"inLanguage\":\"de\",\"potentialAction\":[{\"@type\":\"ReadAction\",\"target\":[\"https:\/\/bujinkan-puchheim.de\/?page_id=169\"]}]},{\"@type\":\"BreadcrumbList\",\"@id\":\"https:\/\/bujinkan-puchheim.de\/?page_id=169#breadcrumb\",\"itemListElement\":[{\"@type\":\"ListItem\",\"position\":1,\"name\":\"Startseite\",\"item\":\"https:\/\/bujinkan-puchheim.de\/\"},{\"@type\":\"ListItem\",\"position\":2,\"name\":\"Allgemein\"}]}]}<\/script>\n<!-- \/ Yoast SEO plugin. -->","yoast_head_json":{"title":"Allgemein - Bujinkan Dojo Puchheim","robots":{"index":"index","follow":"follow","max-snippet":"max-snippet:-1","max-image-preview":"max-image-preview:large","max-video-preview":"max-video-preview:-1"},"canonical":"https:\/\/bujinkan-puchheim.de\/?page_id=169","og_locale":"de_DE","og_type":"article","og_title":"Allgemein - Bujinkan Dojo Puchheim","og_description":"Bujinkan Bud\u014d Taijutsu&nbsp; ist die Zusammenfassung von neun alten, japanischen Kampfk\u00fcnsten (K\u014dryu), wie sie von Gro\u00dfmeister Dr. Masaaki Hatsumi gelehrt werden.&nbsp;Sechs dieser Kriegsk\u00fcnste wurden von Samurai, Soldaten und Leibw\u00e4chtern trainiert, die \u00fcbrigen drei von denjenigen die wir heute als \u201cNinja\u201d &hellip; Weiterlesen &rarr;","og_url":"https:\/\/bujinkan-puchheim.de\/?page_id=169","og_site_name":"Bujinkan Dojo Puchheim","article_modified_time":"2020-02-05T21:24:18+00:00","twitter_card":"summary_large_image","schema":{"@context":"https:\/\/schema.org","@graph":[{"@type":"WebSite","@id":"https:\/\/bujinkan-puchheim.de\/#website","url":"https:\/\/bujinkan-puchheim.de\/","name":"Bujinkan Dojo Puchheim","description":"","potentialAction":[{"@type":"SearchAction","target":{"@type":"EntryPoint","urlTemplate":"https:\/\/bujinkan-puchheim.de\/?s={search_term_string}"},"query-input":"required name=search_term_string"}],"inLanguage":"de"},{"@type":"WebPage","@id":"https:\/\/bujinkan-puchheim.de\/?page_id=169#webpage","url":"https:\/\/bujinkan-puchheim.de\/?page_id=169","name":"Allgemein - Bujinkan Dojo Puchheim","isPartOf":{"@id":"https:\/\/bujinkan-puchheim.de\/#website"},"datePublished":"2019-08-03T10:49:25+00:00","dateModified":"2020-02-05T21:24:18+00:00","breadcrumb":{"@id":"https:\/\/bujinkan-puchheim.de\/?page_id=169#breadcrumb"},"inLanguage":"de","potentialAction":[{"@type":"ReadAction","target":["https:\/\/bujinkan-puchheim.de\/?page_id=169"]}]},{"@type":"BreadcrumbList","@id":"https:\/\/bujinkan-puchheim.de\/?page_id=169#breadcrumb","itemListElement":[{"@type":"ListItem","position":1,"name":"Startseite","item":"https:\/\/bujinkan-puchheim.de\/"},{"@type":"ListItem","position":2,"name":"Allgemein"}]}]}},"_links":{"self":[{"href":"https:\/\/bujinkan-puchheim.de\/index.php?rest_route=\/wp\/v2\/pages\/169","targetHints":{"allow":["GET"]}}],"collection":[{"href":"https:\/\/bujinkan-puchheim.de\/index.php?rest_route=\/wp\/v2\/pages"}],"about":[{"href":"https:\/\/bujinkan-puchheim.de\/index.php?rest_route=\/wp\/v2\/types\/page"}],"author":[{"embeddable":true,"href":"https:\/\/bujinkan-puchheim.de\/index.php?rest_route=\/wp\/v2\/users\/2"}],"replies":[{"embeddable":true,"href":"https:\/\/bujinkan-puchheim.de\/index.php?rest_route=%2Fwp%2Fv2%2Fcomments&post=169"}],"version-history":[{"count":3,"href":"https:\/\/bujinkan-puchheim.de\/index.php?rest_route=\/wp\/v2\/pages\/169\/revisions"}],"predecessor-version":[{"id":198,"href":"https:\/\/bujinkan-puchheim.de\/index.php?rest_route=\/wp\/v2\/pages\/169\/revisions\/198"}],"wp:attachment":[{"href":"https:\/\/bujinkan-puchheim.de\/index.php?rest_route=%2Fwp%2Fv2%2Fmedia&parent=169"}],"curies":[{"name":"wp","href":"https:\/\/api.w.org\/{rel}","templated":true}]}}