{"id":175,"date":"2019-08-03T12:55:06","date_gmt":"2019-08-03T10:55:06","guid":{"rendered":"http:\/\/bujinkan-puchheim.de\/?page_id=175"},"modified":"2020-02-05T23:17:20","modified_gmt":"2020-02-05T22:17:20","slug":"die-9-schulen","status":"publish","type":"page","link":"https:\/\/bujinkan-puchheim.de\/?page_id=175","title":{"rendered":"Die 9 Schulen"},"content":{"rendered":"\n<div class=\"su-spoiler su-spoiler-style-default su-spoiler-icon-plus su-spoiler-closed\" data-scroll-offset=\"0\" data-anchor-in-url=\"no\"><div class=\"su-spoiler-title\" tabindex=\"0\" role=\"button\"><span class=\"su-spoiler-icon\"><\/span><strong>Gyokk\u014d Ry\u016b K\u014dsshijutsu | \u7389\u864e\u6d41\u9aa8\u6307\u8853<\/strong><\/div><div class=\"su-spoiler-content su-u-clearfix su-u-trim\">\n\n\n\n<p>Diese Schule ist die \u00e4lteste der im Bujinkan Lehrplan enthaltenen Ry\u016bha. Der Gr\u00fcndungslegende zufolge wurde sie w\u00e4hrend der Tang Dynastie (619 \u2013 907 n.Chr.) von einem chinesischen M\u00f6nch namens \u201eCho Gyokko\u201c nach Japan gebracht.<\/p>\n\n\n\n<p>Die Gyokk\u014d Ry\u016b ist ein vollst\u00e4ndiges Kampfsystem, das den unbewaffneten Kampf mit zahlreichen Waffen wie z.B. Schwert und Speer verbindet.<\/p>\n\n\n\n<p>Die Schule kennzeichnet sich durch ihr Kosshijutsu (w\u00f6rtlich \u201eKnochen-Finger Kunst\u201c) und Shitojutsu (Gebrauch des Daumens und der Finger) aus. Es werden haupts\u00e4chlich schnelle, kreisf\u00f6rmige Bewegungen genutzt, um vitale Punkte anzugreifen. Typisch f\u00fcr diese Ry\u016b sind ausserdem sehr kraftvolle Abwehrbewegungen die stets mit dem Brechen des gegnerischen Gleichgewichts verbunden sind.<\/p>\n\n\n\n<\/div><\/div>\n\n\n\n<div class=\"su-spoiler su-spoiler-style-default su-spoiler-icon-plus su-spoiler-closed\" data-scroll-offset=\"0\" data-anchor-in-url=\"no\"><div class=\"su-spoiler-title\" tabindex=\"0\" role=\"button\"><span class=\"su-spoiler-icon\"><\/span><strong>Kot\u014d Ry\u016b Kopp\u014djutsu | \u864e\u5012\u6d41\u9aa8\u6cd5\u8853<\/strong><\/div><div class=\"su-spoiler-content su-u-clearfix su-u-trim\">\n\n\n\n<p>Diese Schule kennzeichnet sich durch eine offensive Ausrichtung und den Kampf auf engem Raum aus. Es werden \u00fcberwiegend geradlinige Angriffs- und Verteidigungstechniken verwendet, um die Struktur und somit auch das Gleichgewicht des Gegners zu beeinflussen.<\/p>\n\n\n\n<p>Das Training der Kot\u014d Ry\u016b Lehrinhalte stellt besondere Anspr\u00fcche an die Winkelarbeit und das Bewegen auf relativ engem Raum.<\/p>\n\n\n\n<p>Der historische Hintergrund dieser Ry\u016b deckt sich mit dem der Gy\u014dkk\u014d Ry\u016b. Beide Schulen wurden \u00fcber Generationen hinweg zusammen weitergegeben und erg\u00e4nzen sich in vielen Bereichen.<\/p>\n\n\n\n<\/div><\/div>\n\n\n\n<div class=\"su-spoiler su-spoiler-style-default su-spoiler-icon-plus su-spoiler-closed\" data-scroll-offset=\"0\" data-anchor-in-url=\"no\"><div class=\"su-spoiler-title\" tabindex=\"0\" role=\"button\"><span class=\"su-spoiler-icon\"><\/span><strong>Kukishinden Ry\u016b Happ\u014d Bikenjutsu | \u4e5d\u9b3c\u795e\u4f1d\u6d41\u516b\u6cd5\u79d8\u5263\u8853<\/strong><\/div><div class=\"su-spoiler-content su-u-clearfix su-u-trim\">\n\n\n\n<p>Diese Schule ist die mit Abstand inhaltlich umfangreichste. So beinhaltet ihr Lehrplan neben dem unbewaffneten Kampf auch umfassende Techniken f\u00fcr eine Vielzahl von Waffen (die die Grundlagen nahezu aller Waffentechniken im Bujinkan bilden). Die Kukishinden Ry\u016b wird aufgrund ihres Umfangs und dem Schulen jedes Teilbereichs einer kriegerischen Auseinandersetzung auch als \u201eS\u014dg\u014d Bujutsu\u201c (vollst\u00e4ndige Kampfkunst) klassifiziert.<\/p>\n\n\n\n<p>Die Geschichte dieser Tradition war bis in die heutige Zeit sehr bewegt und es haben sich im Laufe der Zeit mehrere parallel existierende Linien entwickelt. Die Urspr\u00fcnge aller Zweige lassen sich auf die \u201eTosui Ry\u016b\u201c als Vorl\u00e4uferschule um ca. 1000 n.Chr. zur\u00fcckverfolgen.<\/p>\n\n\n\n<\/div><\/div>\n\n\n\n<div class=\"su-spoiler su-spoiler-style-default su-spoiler-icon-plus su-spoiler-closed\" data-scroll-offset=\"0\" data-anchor-in-url=\"no\"><div class=\"su-spoiler-title\" tabindex=\"0\" role=\"button\"><span class=\"su-spoiler-icon\"><\/span><strong>Takagi Yoshin Ry\u016b Jutaijutsu | \u9ad8\u6728\u63da\u5fc3\u6d41\u67d4\u4f53\u8853<\/strong><\/div><div class=\"su-spoiler-content su-u-clearfix su-u-trim\">\n\n\n\n<p>Die Urspr\u00fcnge dieser Schule lassen sich bis in die Eiroku Periode (16. Jahrhundert) zur\u00fcckverfolgen. Bis heute existieren mehrere Zweige der urspr\u00fcnglichen Ry\u016b. Die im Bujinkan \u00fcberlieferte Linie hatte im Laufe ihrer Geschichte auch enge Kontakte mit der Kukishin Ry\u016b und anderen Kampfk\u00fcnsten, die sich gegenseitig beeinflussten.<\/p>\n\n\n\n<p>Charakteristisch f\u00fcr das Takagi Yoshin Ry\u016b Jutaijutsu ist der Kampf in engen R\u00e4umen und das gleichzeitige Kontrollieren und Immobilisieren des Gegners. Diese Schule wurde oft von Leibw\u00e4chtern und mit polizeilichen Aufgaben betrauten Personen trainiert.<\/p>\n\n\n\n<\/div><\/div>\n\n\n\n<div class=\"su-spoiler su-spoiler-style-default su-spoiler-icon-plus su-spoiler-closed\" data-scroll-offset=\"0\" data-anchor-in-url=\"no\"><div class=\"su-spoiler-title\" tabindex=\"0\" role=\"button\"><span class=\"su-spoiler-icon\"><\/span><strong>Shinden Fud\u014d Ry\u016b Dakentaijutsu | \u795e\u50b3\u4e0d\u52d5\u6d41\u6253\u62f3\u4f53\u8853<\/strong><\/div><div class=\"su-spoiler-content su-u-clearfix su-u-trim\">\n\n\n\n<p>Diese Schule wurde Mitte des 12. Jahrhunderts gegr\u00fcndet und hatte im Laufe ihrer Geschichte \u2013 wie die meisten Kory\u016b \u2013 mehrere Kontakte zu anderen Kampfk\u00fcnsten.<\/p>\n\n\n\n<p>Die Shinden Fud\u014d Ry\u016b besteht inhaltlich mit dem Dakentaijutsu (\u6253\u62f3\u4f53\u8853) und dem J\u016btaijutsu (\u67d4\u4f53\u8853) aus zwei grossen Bereichen, die sich gegenseitig erg\u00e4nzen und diese Schule ebenfalls zu einem umfassenden und \u201ekompletten\u201c Kampfsystem machen.<\/p>\n\n\n\n<p>Sowohl die Bewegungsmuster der Formen, als auch der Trainingsaufbau und die Trainingsweise folgen stets dem \u00fcbergeordneten Prinzip der \u201eNat\u00fcrlichkeit\u201c.<\/p>\n\n\n\n<\/div><\/div>\n\n\n\n<div class=\"su-spoiler su-spoiler-style-default su-spoiler-icon-plus su-spoiler-closed\" data-scroll-offset=\"0\" data-anchor-in-url=\"no\"><div class=\"su-spoiler-title\" tabindex=\"0\" role=\"button\"><span class=\"su-spoiler-icon\"><\/span><strong>Togakure Ry\u016b Ninp\u014d Taijutsu | \u6238\u96a0\u6d41\u5fcd\u6cd5\u9ad4\u8853<\/strong><\/div><div class=\"su-spoiler-content su-u-clearfix su-u-trim\">\n\n\n\n<p>Diese Schule wurde im fr\u00fchen 12. Jahrhundert gegr\u00fcndet und ist eine der drei \u201eNinjutsu\u201c Stile, die im Bujinkan unterrichtet werden.<\/p>\n\n\n\n<p>Charakteristisch f\u00fcr die T\u014dgakure Ry\u016b sind das Ablenken des Gegners und das anschliessende Fl\u00fcchten. Dar\u00fcber hinaus beinhaltet der Lehrplan Techniken mit einem \u201ekurzen\u201c Schwert sowie die Verwendung einiger spezieller Waffen wie beispielsweise Shuk\u014d, Wurfklingen und Metsubushi.<\/p>\n\n\n\n<p>Allgemein werden in dieser Schule (die sich ebenfalls auf die Gy\u014dkk\u014d Ry\u016b zur\u00fcckf\u00fchren l\u00e4sst) eher \u201eunkonventionelle\u201c Techniken und Prinzipien gelehrt<\/p>\n\n\n\n<\/div><\/div>\n\n\n\n<div class=\"su-spoiler su-spoiler-style-default su-spoiler-icon-plus su-spoiler-closed\" data-scroll-offset=\"0\" data-anchor-in-url=\"no\"><div class=\"su-spoiler-title\" tabindex=\"0\" role=\"button\"><span class=\"su-spoiler-icon\"><\/span><strong>Gikan Ry\u016b Kopp\u014djutsu | \u7fa9\u9451\u6d41\u9aa8\u6cd5\u8853<\/strong><\/div><div class=\"su-spoiler-content su-u-clearfix su-u-trim\">Die genauen Inhalte dieser Schule wurden von Hatsumi Sensei noch nicht \u00f6ffentlich weitergegeben \/ unterrichtet. Lediglich einige wenige Koppojutsu Prinzipien sind bekannt und Bestandteil des \u201eBujinkan-Unterrichts\u201c. <\/div><\/div>\n\n\n\n<div class=\"su-spoiler su-spoiler-style-default su-spoiler-icon-plus su-spoiler-closed\" data-scroll-offset=\"0\" data-anchor-in-url=\"no\"><div class=\"su-spoiler-title\" tabindex=\"0\" role=\"button\"><span class=\"su-spoiler-icon\"><\/span><strong>Gyokushin Ry\u016b Ninp\u014d | \u7389\u5fc3\u6d41\u5fcd\u6cd5<\/strong><\/div><div class=\"su-spoiler-content su-u-clearfix su-u-trim\">Die genauen Inhalte dieser Schule wurden von Hatsumi Sensei noch nicht \u00f6ffentlich weitergegeben \/ unterrichtet und sind deshalb auch nicht Bestandteil unseres Trainings.<br>Verf\u00fcgbaren Informationen zufolge, entsprang diese Tradition ebenfalls dem Gy\u014dkk\u014d Ry\u016b K\u014dsshijutsu. <\/div><\/div>\n\n\n\n<div class=\"su-spoiler su-spoiler-style-default su-spoiler-icon-plus su-spoiler-closed\" data-scroll-offset=\"0\" data-anchor-in-url=\"no\"><div class=\"su-spoiler-title\" tabindex=\"0\" role=\"button\"><span class=\"su-spoiler-icon\"><\/span><strong>Kumogakure Ry\u016b Ninp\u014d | \u96f2\u96a0\u6d41\u5fcd\u6cd5<\/strong><\/div><div class=\"su-spoiler-content su-u-clearfix su-u-trim\">Die genauen Inhalte dieser Schule wurden von Hatsumi Sensei noch nicht \u00f6ffentlich weitergegeben \/ unterrichtet und sind deshalb auch nicht Bestandteil unseres Trainings. <\/div><\/div>\n","protected":false},"excerpt":{"rendered":"","protected":false},"author":2,"featured_media":0,"parent":0,"menu_order":0,"comment_status":"closed","ping_status":"closed","template":"","meta":{"footnotes":""},"class_list":["post-175","page","type-page","status-publish","hentry"],"yoast_head":"<!-- This site is optimized with the Yoast SEO plugin v18.3 - https:\/\/yoast.com\/wordpress\/plugins\/seo\/ -->\n<title>Die 9 Schulen - Bujinkan Dojo Puchheim<\/title>\n<meta name=\"robots\" content=\"index, follow, max-snippet:-1, max-image-preview:large, max-video-preview:-1\" \/>\n<link rel=\"canonical\" href=\"https:\/\/bujinkan-puchheim.de\/?page_id=175\" \/>\n<meta property=\"og:locale\" content=\"de_DE\" \/>\n<meta property=\"og:type\" content=\"article\" \/>\n<meta property=\"og:title\" content=\"Die 9 Schulen - Bujinkan Dojo Puchheim\" \/>\n<meta property=\"og:url\" content=\"https:\/\/bujinkan-puchheim.de\/?page_id=175\" \/>\n<meta property=\"og:site_name\" content=\"Bujinkan Dojo Puchheim\" \/>\n<meta property=\"article:modified_time\" content=\"2020-02-05T22:17:20+00:00\" \/>\n<meta name=\"twitter:card\" content=\"summary_large_image\" \/>\n<meta name=\"twitter:label1\" content=\"Gesch\u00e4tzte Lesezeit\" \/>\n\t<meta name=\"twitter:data1\" content=\"4\u00a0Minuten\" \/>\n<script type=\"application\/ld+json\" class=\"yoast-schema-graph\">{\"@context\":\"https:\/\/schema.org\",\"@graph\":[{\"@type\":\"WebSite\",\"@id\":\"https:\/\/bujinkan-puchheim.de\/#website\",\"url\":\"https:\/\/bujinkan-puchheim.de\/\",\"name\":\"Bujinkan Dojo Puchheim\",\"description\":\"\",\"potentialAction\":[{\"@type\":\"SearchAction\",\"target\":{\"@type\":\"EntryPoint\",\"urlTemplate\":\"https:\/\/bujinkan-puchheim.de\/?s={search_term_string}\"},\"query-input\":\"required name=search_term_string\"}],\"inLanguage\":\"de\"},{\"@type\":\"WebPage\",\"@id\":\"https:\/\/bujinkan-puchheim.de\/?page_id=175#webpage\",\"url\":\"https:\/\/bujinkan-puchheim.de\/?page_id=175\",\"name\":\"Die 9 Schulen - Bujinkan Dojo Puchheim\",\"isPartOf\":{\"@id\":\"https:\/\/bujinkan-puchheim.de\/#website\"},\"datePublished\":\"2019-08-03T10:55:06+00:00\",\"dateModified\":\"2020-02-05T22:17:20+00:00\",\"breadcrumb\":{\"@id\":\"https:\/\/bujinkan-puchheim.de\/?page_id=175#breadcrumb\"},\"inLanguage\":\"de\",\"potentialAction\":[{\"@type\":\"ReadAction\",\"target\":[\"https:\/\/bujinkan-puchheim.de\/?page_id=175\"]}]},{\"@type\":\"BreadcrumbList\",\"@id\":\"https:\/\/bujinkan-puchheim.de\/?page_id=175#breadcrumb\",\"itemListElement\":[{\"@type\":\"ListItem\",\"position\":1,\"name\":\"Startseite\",\"item\":\"https:\/\/bujinkan-puchheim.de\/\"},{\"@type\":\"ListItem\",\"position\":2,\"name\":\"Die 9 Schulen\"}]}]}<\/script>\n<!-- \/ Yoast SEO plugin. -->","yoast_head_json":{"title":"Die 9 Schulen - Bujinkan Dojo Puchheim","robots":{"index":"index","follow":"follow","max-snippet":"max-snippet:-1","max-image-preview":"max-image-preview:large","max-video-preview":"max-video-preview:-1"},"canonical":"https:\/\/bujinkan-puchheim.de\/?page_id=175","og_locale":"de_DE","og_type":"article","og_title":"Die 9 Schulen - Bujinkan Dojo Puchheim","og_url":"https:\/\/bujinkan-puchheim.de\/?page_id=175","og_site_name":"Bujinkan Dojo Puchheim","article_modified_time":"2020-02-05T22:17:20+00:00","twitter_card":"summary_large_image","twitter_misc":{"Gesch\u00e4tzte Lesezeit":"4\u00a0Minuten"},"schema":{"@context":"https:\/\/schema.org","@graph":[{"@type":"WebSite","@id":"https:\/\/bujinkan-puchheim.de\/#website","url":"https:\/\/bujinkan-puchheim.de\/","name":"Bujinkan Dojo Puchheim","description":"","potentialAction":[{"@type":"SearchAction","target":{"@type":"EntryPoint","urlTemplate":"https:\/\/bujinkan-puchheim.de\/?s={search_term_string}"},"query-input":"required name=search_term_string"}],"inLanguage":"de"},{"@type":"WebPage","@id":"https:\/\/bujinkan-puchheim.de\/?page_id=175#webpage","url":"https:\/\/bujinkan-puchheim.de\/?page_id=175","name":"Die 9 Schulen - Bujinkan Dojo Puchheim","isPartOf":{"@id":"https:\/\/bujinkan-puchheim.de\/#website"},"datePublished":"2019-08-03T10:55:06+00:00","dateModified":"2020-02-05T22:17:20+00:00","breadcrumb":{"@id":"https:\/\/bujinkan-puchheim.de\/?page_id=175#breadcrumb"},"inLanguage":"de","potentialAction":[{"@type":"ReadAction","target":["https:\/\/bujinkan-puchheim.de\/?page_id=175"]}]},{"@type":"BreadcrumbList","@id":"https:\/\/bujinkan-puchheim.de\/?page_id=175#breadcrumb","itemListElement":[{"@type":"ListItem","position":1,"name":"Startseite","item":"https:\/\/bujinkan-puchheim.de\/"},{"@type":"ListItem","position":2,"name":"Die 9 Schulen"}]}]}},"_links":{"self":[{"href":"https:\/\/bujinkan-puchheim.de\/index.php?rest_route=\/wp\/v2\/pages\/175","targetHints":{"allow":["GET"]}}],"collection":[{"href":"https:\/\/bujinkan-puchheim.de\/index.php?rest_route=\/wp\/v2\/pages"}],"about":[{"href":"https:\/\/bujinkan-puchheim.de\/index.php?rest_route=\/wp\/v2\/types\/page"}],"author":[{"embeddable":true,"href":"https:\/\/bujinkan-puchheim.de\/index.php?rest_route=\/wp\/v2\/users\/2"}],"replies":[{"embeddable":true,"href":"https:\/\/bujinkan-puchheim.de\/index.php?rest_route=%2Fwp%2Fv2%2Fcomments&post=175"}],"version-history":[{"count":8,"href":"https:\/\/bujinkan-puchheim.de\/index.php?rest_route=\/wp\/v2\/pages\/175\/revisions"}],"predecessor-version":[{"id":204,"href":"https:\/\/bujinkan-puchheim.de\/index.php?rest_route=\/wp\/v2\/pages\/175\/revisions\/204"}],"wp:attachment":[{"href":"https:\/\/bujinkan-puchheim.de\/index.php?rest_route=%2Fwp%2Fv2%2Fmedia&parent=175"}],"curies":[{"name":"wp","href":"https:\/\/api.w.org\/{rel}","templated":true}]}}