{"id":56,"date":"2018-12-19T21:04:59","date_gmt":"2018-12-19T20:04:59","guid":{"rendered":"http:\/\/bujinkan-puchheim.de\/?page_id=56"},"modified":"2020-02-05T22:15:11","modified_gmt":"2020-02-05T21:15:11","slug":"wer-ist-der-trainer","status":"publish","type":"page","link":"https:\/\/bujinkan-puchheim.de\/?page_id=56","title":{"rendered":"Wer ist der Trainer ?"},"content":{"rendered":"\n<p><strong>Stefan Steiner<\/strong> &#8211;\u00a0 Shidoshi Stefan Steiner<br><em>Dipl.-Ing. (FH) Fahrzeugtechnik<\/em><br><\/p>\n\n\n\n<p>Schon als Kind waren die Klassiker wie Judo, Karate oder auch Jujutsu im Zentrum meiner Aufmerksamkeit. Nachdem mich mein Weg durch die meisten Kampfsportarten f\u00fchrte brachte mich meine Leidenschaft f\u00fcr die japanische Kultur und Tradition gepaart mit dem Wunsch meinen Horizont zu erweitern zum Bujinkan Budo Taijutsu. <\/p>\n\n\n\n<p>Ich trainiere seit nunmehr \u00fcber 15 Jahren Bujinkan, leite inzwischen mein eigenes Dojo und nehme zur eigenen Weiterbildung mehrmals j\u00e4hrlich an Seminaren sowie speziellen Schwarzgurtfortbildungen teil. <\/p>\n\n\n\n<p>Zudem nutze ich regelm\u00e4\u00dfig die M\u00f6glichkeit nach Japan reisen um dort an der Quelle unserer Wissenslinie zu trainieren. <\/p>\n\n\n\n<div class=\"wp-block-image\"><figure class=\"aligncenter is-resized\"><img loading=\"lazy\" decoding=\"async\" src=\"https:\/\/bujinkan-puchheim.de\/wp-content\/uploads\/2018\/12\/Unbenannt.jpg\" alt=\"Stefan\" class=\"wp-image-58\" width=\"395\" height=\"335\"\/><figcaption><em>Was Du in anderen entfachen willst muss in Dir selbst brennen<\/em><\/figcaption><\/figure><\/div>\n","protected":false},"excerpt":{"rendered":"<p>Stefan Steiner &#8211;\u00a0 Shidoshi Stefan SteinerDipl.-Ing. (FH) Fahrzeugtechnik Schon als Kind waren die Klassiker wie Judo, Karate oder auch Jujutsu im Zentrum meiner Aufmerksamkeit. Nachdem mich mein Weg durch die meisten Kampfsportarten f\u00fchrte brachte mich meine Leidenschaft f\u00fcr die japanische &hellip; <a href=\"https:\/\/bujinkan-puchheim.de\/?page_id=56\">Weiterlesen <span class=\"meta-nav\">&rarr;<\/span><\/a><\/p>\n","protected":false},"author":2,"featured_media":58,"parent":0,"menu_order":0,"comment_status":"closed","ping_status":"closed","template":"","meta":{"footnotes":""},"class_list":["post-56","page","type-page","status-publish","has-post-thumbnail","hentry"],"yoast_head":"<!-- This site is optimized with the Yoast SEO plugin v18.3 - https:\/\/yoast.com\/wordpress\/plugins\/seo\/ -->\n<title>Wer ist der Trainer ? - Bujinkan Dojo Puchheim<\/title>\n<meta name=\"robots\" content=\"index, follow, max-snippet:-1, max-image-preview:large, max-video-preview:-1\" \/>\n<link rel=\"canonical\" href=\"https:\/\/bujinkan-puchheim.de\/?page_id=56\" \/>\n<meta property=\"og:locale\" content=\"de_DE\" \/>\n<meta property=\"og:type\" content=\"article\" \/>\n<meta property=\"og:title\" content=\"Wer ist der Trainer ? - Bujinkan Dojo Puchheim\" \/>\n<meta property=\"og:description\" content=\"Stefan Steiner &#8211;\u00a0 Shidoshi Stefan SteinerDipl.-Ing. (FH) Fahrzeugtechnik Schon als Kind waren die Klassiker wie Judo, Karate oder auch Jujutsu im Zentrum meiner Aufmerksamkeit. Nachdem mich mein Weg durch die meisten Kampfsportarten f\u00fchrte brachte mich meine Leidenschaft f\u00fcr die japanische &hellip; Weiterlesen &rarr;\" \/>\n<meta property=\"og:url\" content=\"https:\/\/bujinkan-puchheim.de\/?page_id=56\" \/>\n<meta property=\"og:site_name\" content=\"Bujinkan Dojo Puchheim\" \/>\n<meta property=\"article:modified_time\" content=\"2020-02-05T21:15:11+00:00\" \/>\n<meta property=\"og:image\" content=\"https:\/\/bujinkan-puchheim.de\/wp-content\/uploads\/2018\/12\/Unbenannt.jpg\" \/>\n\t<meta property=\"og:image:width\" content=\"543\" \/>\n\t<meta property=\"og:image:height\" content=\"452\" \/>\n\t<meta property=\"og:image:type\" content=\"image\/jpeg\" \/>\n<meta name=\"twitter:card\" content=\"summary_large_image\" \/>\n<meta name=\"twitter:label1\" content=\"Gesch\u00e4tzte Lesezeit\" \/>\n\t<meta name=\"twitter:data1\" content=\"1\u00a0Minute\" \/>\n<script type=\"application\/ld+json\" class=\"yoast-schema-graph\">{\"@context\":\"https:\/\/schema.org\",\"@graph\":[{\"@type\":\"WebSite\",\"@id\":\"https:\/\/bujinkan-puchheim.de\/#website\",\"url\":\"https:\/\/bujinkan-puchheim.de\/\",\"name\":\"Bujinkan Dojo Puchheim\",\"description\":\"\",\"potentialAction\":[{\"@type\":\"SearchAction\",\"target\":{\"@type\":\"EntryPoint\",\"urlTemplate\":\"https:\/\/bujinkan-puchheim.de\/?s={search_term_string}\"},\"query-input\":\"required name=search_term_string\"}],\"inLanguage\":\"de\"},{\"@type\":\"ImageObject\",\"@id\":\"https:\/\/bujinkan-puchheim.de\/?page_id=56#primaryimage\",\"inLanguage\":\"de\",\"url\":\"https:\/\/bujinkan-puchheim.de\/wp-content\/uploads\/2018\/12\/Unbenannt.jpg\",\"contentUrl\":\"https:\/\/bujinkan-puchheim.de\/wp-content\/uploads\/2018\/12\/Unbenannt.jpg\",\"width\":543,\"height\":452,\"caption\":\"Stefan\"},{\"@type\":\"WebPage\",\"@id\":\"https:\/\/bujinkan-puchheim.de\/?page_id=56#webpage\",\"url\":\"https:\/\/bujinkan-puchheim.de\/?page_id=56\",\"name\":\"Wer ist der Trainer ? - Bujinkan Dojo Puchheim\",\"isPartOf\":{\"@id\":\"https:\/\/bujinkan-puchheim.de\/#website\"},\"primaryImageOfPage\":{\"@id\":\"https:\/\/bujinkan-puchheim.de\/?page_id=56#primaryimage\"},\"datePublished\":\"2018-12-19T20:04:59+00:00\",\"dateModified\":\"2020-02-05T21:15:11+00:00\",\"breadcrumb\":{\"@id\":\"https:\/\/bujinkan-puchheim.de\/?page_id=56#breadcrumb\"},\"inLanguage\":\"de\",\"potentialAction\":[{\"@type\":\"ReadAction\",\"target\":[\"https:\/\/bujinkan-puchheim.de\/?page_id=56\"]}]},{\"@type\":\"BreadcrumbList\",\"@id\":\"https:\/\/bujinkan-puchheim.de\/?page_id=56#breadcrumb\",\"itemListElement\":[{\"@type\":\"ListItem\",\"position\":1,\"name\":\"Startseite\",\"item\":\"https:\/\/bujinkan-puchheim.de\/\"},{\"@type\":\"ListItem\",\"position\":2,\"name\":\"Wer ist der Trainer ?\"}]}]}<\/script>\n<!-- \/ Yoast SEO plugin. -->","yoast_head_json":{"title":"Wer ist der Trainer ? - Bujinkan Dojo Puchheim","robots":{"index":"index","follow":"follow","max-snippet":"max-snippet:-1","max-image-preview":"max-image-preview:large","max-video-preview":"max-video-preview:-1"},"canonical":"https:\/\/bujinkan-puchheim.de\/?page_id=56","og_locale":"de_DE","og_type":"article","og_title":"Wer ist der Trainer ? - Bujinkan Dojo Puchheim","og_description":"Stefan Steiner &#8211;\u00a0 Shidoshi Stefan SteinerDipl.-Ing. (FH) Fahrzeugtechnik Schon als Kind waren die Klassiker wie Judo, Karate oder auch Jujutsu im Zentrum meiner Aufmerksamkeit. Nachdem mich mein Weg durch die meisten Kampfsportarten f\u00fchrte brachte mich meine Leidenschaft f\u00fcr die japanische &hellip; Weiterlesen &rarr;","og_url":"https:\/\/bujinkan-puchheim.de\/?page_id=56","og_site_name":"Bujinkan Dojo Puchheim","article_modified_time":"2020-02-05T21:15:11+00:00","og_image":[{"width":543,"height":452,"url":"https:\/\/bujinkan-puchheim.de\/wp-content\/uploads\/2018\/12\/Unbenannt.jpg","type":"image\/jpeg"}],"twitter_card":"summary_large_image","twitter_misc":{"Gesch\u00e4tzte Lesezeit":"1\u00a0Minute"},"schema":{"@context":"https:\/\/schema.org","@graph":[{"@type":"WebSite","@id":"https:\/\/bujinkan-puchheim.de\/#website","url":"https:\/\/bujinkan-puchheim.de\/","name":"Bujinkan Dojo Puchheim","description":"","potentialAction":[{"@type":"SearchAction","target":{"@type":"EntryPoint","urlTemplate":"https:\/\/bujinkan-puchheim.de\/?s={search_term_string}"},"query-input":"required name=search_term_string"}],"inLanguage":"de"},{"@type":"ImageObject","@id":"https:\/\/bujinkan-puchheim.de\/?page_id=56#primaryimage","inLanguage":"de","url":"https:\/\/bujinkan-puchheim.de\/wp-content\/uploads\/2018\/12\/Unbenannt.jpg","contentUrl":"https:\/\/bujinkan-puchheim.de\/wp-content\/uploads\/2018\/12\/Unbenannt.jpg","width":543,"height":452,"caption":"Stefan"},{"@type":"WebPage","@id":"https:\/\/bujinkan-puchheim.de\/?page_id=56#webpage","url":"https:\/\/bujinkan-puchheim.de\/?page_id=56","name":"Wer ist der Trainer ? - Bujinkan Dojo Puchheim","isPartOf":{"@id":"https:\/\/bujinkan-puchheim.de\/#website"},"primaryImageOfPage":{"@id":"https:\/\/bujinkan-puchheim.de\/?page_id=56#primaryimage"},"datePublished":"2018-12-19T20:04:59+00:00","dateModified":"2020-02-05T21:15:11+00:00","breadcrumb":{"@id":"https:\/\/bujinkan-puchheim.de\/?page_id=56#breadcrumb"},"inLanguage":"de","potentialAction":[{"@type":"ReadAction","target":["https:\/\/bujinkan-puchheim.de\/?page_id=56"]}]},{"@type":"BreadcrumbList","@id":"https:\/\/bujinkan-puchheim.de\/?page_id=56#breadcrumb","itemListElement":[{"@type":"ListItem","position":1,"name":"Startseite","item":"https:\/\/bujinkan-puchheim.de\/"},{"@type":"ListItem","position":2,"name":"Wer ist der Trainer ?"}]}]}},"_links":{"self":[{"href":"https:\/\/bujinkan-puchheim.de\/index.php?rest_route=\/wp\/v2\/pages\/56","targetHints":{"allow":["GET"]}}],"collection":[{"href":"https:\/\/bujinkan-puchheim.de\/index.php?rest_route=\/wp\/v2\/pages"}],"about":[{"href":"https:\/\/bujinkan-puchheim.de\/index.php?rest_route=\/wp\/v2\/types\/page"}],"author":[{"embeddable":true,"href":"https:\/\/bujinkan-puchheim.de\/index.php?rest_route=\/wp\/v2\/users\/2"}],"replies":[{"embeddable":true,"href":"https:\/\/bujinkan-puchheim.de\/index.php?rest_route=%2Fwp%2Fv2%2Fcomments&post=56"}],"version-history":[{"count":5,"href":"https:\/\/bujinkan-puchheim.de\/index.php?rest_route=\/wp\/v2\/pages\/56\/revisions"}],"predecessor-version":[{"id":195,"href":"https:\/\/bujinkan-puchheim.de\/index.php?rest_route=\/wp\/v2\/pages\/56\/revisions\/195"}],"wp:featuredmedia":[{"embeddable":true,"href":"https:\/\/bujinkan-puchheim.de\/index.php?rest_route=\/wp\/v2\/media\/58"}],"wp:attachment":[{"href":"https:\/\/bujinkan-puchheim.de\/index.php?rest_route=%2Fwp%2Fv2%2Fmedia&parent=56"}],"curies":[{"name":"wp","href":"https:\/\/api.w.org\/{rel}","templated":true}]}}